{"id":203,"date":"2016-06-20T08:59:34","date_gmt":"2016-06-20T05:59:34","guid":{"rendered":"http:\/\/sw-themes.com\/porto_dummy\/?page_id=203"},"modified":"2021-07-24T00:50:24","modified_gmt":"2021-07-23T21:50:24","slug":"sss","status":"publish","type":"page","link":"https:\/\/www.4sonsafety.com\/?page_id=203","title":{"rendered":"S\u0131k\u00e7a Sorulan Sorular"},"content":{"rendered":"<p>[vc_row][vc_column]<div class=\"porto-toggles wpb_content_element \">[vc_toggle title=&#8221;Y\u00fcksekte \u00c7al\u0131\u015fma \u0130le \u0130lgili Bilinmesi Gerekenler&#8221; custom_font_container=&#8221;tag:h3|text_align:left&#8221; use_custom_heading=&#8221;true&#8221;]<\/p>\n<h1><strong>Y\u00fcksekte \u00c7al\u0131\u015fma ve Ya\u015fam Hatlar\u0131 i\u00e7in Faydal\u0131 Bilgiler<\/strong><\/h1>\n<h1><strong>Y\u00fcksekte \u00c7al\u0131\u015fma Ne demektir?\u00a0<\/strong><\/h1>\n<hr \/>\n<p>\u00c7al\u0131\u015fma yap\u0131lan yer; gerek yer seviyesi alt\u0131nda gerekse \u00fczerinde olsun, bir d\u00fc\u015f\u00fc\u015f\u00fcn ger\u00e7ekle\u015fmesi durumunda yaralanma riski varsa, bu yerlerde yap\u0131lan \u00e7al\u0131\u015fmaya \u201cy\u00fcksekte \u00e7al\u0131\u015fma\u201d denir. ( 6 Nisan 2005\/Y\u00fcksekte \u00c7al\u0131\u015fma Y\u00f6netmeli\u011fi\/\u0130ngiltere)<\/p>\n<p>\u00dclkeden \u00fclkeye farkl\u0131l\u0131k g\u00f6steren y\u00fcksekte \u00e7al\u0131\u015fma alt s\u0131n\u0131r\u0131 Avrupa\u2019 da 1.80 m., ABD\u2019 de 1.20 m.\u2019 dir.<\/p>\n<p>D\u00fcnyada ve \u00fclkemizde y\u00fcksekte \u00e7al\u0131\u015fma esnas\u0131nda meydana gelen i\u015f kazalar\u0131nda y\u00fcksekten d\u00fc\u015fme, b\u00fct\u00fcn \u00f6l\u00fcmc\u00fcl vakalar i\u00e7erisinde motorlu ta\u015f\u0131t kazalar\u0131ndan sonra ikinci s\u0131rada yer almaktad\u0131r.<\/p>\n<h1><strong>Y\u00fcksekten D\u00fc\u015fme Sebepleri\u00a0<\/strong><\/h1>\n<hr \/>\n<ul class=\"static_style soter-list\">\n<li>Bir seviyeden di\u011fer seviyeye ge\u00e7me<\/li>\n<li>Bo\u015fluklar, \u015faftlar ve korumas\u0131z delikler<\/li>\n<li>\u00c7al\u0131\u015fma platformlar\u0131n\u0131n uygunsuz ta\u015f\u0131ma g\u00fcc\u00fc<\/li>\n<li>Kaygan y\u00fczey<\/li>\n<li>Uygunsuz ayakkab\u0131<\/li>\n<li>Yumu\u015fak zemin<\/li>\n<li>K\u00f6t\u00fc hava \u015fartlar\u0131<\/li>\n<li>Ara\u00e7lar\u0131n \u00e7arpmas\u0131<\/li>\n<\/ul>\n<h1><\/h1>\n<h1><strong>Y\u00fcksekten D\u00fc\u015fen bir \u0130nsan\u0131n D\u00fc\u015f\u00fc\u015f H\u0131z\u0131 Ne Olur?\u00a0<\/strong><\/h1>\n<hr \/>\n<p>1.saniye sonunda yakla\u015f\u0131k 5 metre, 2. saniye sonunda yakla\u015f\u0131k 20 metre mesafe al\u0131nmaktad\u0131r. Bu mesafeler sonras\u0131 1. saniye sonunda 35 km\/saat ve 2. saniye sonunda 70 km\/saat h\u0131za ula\u015f\u0131lmaktad\u0131r.<\/p>\n<p>&nbsp;<\/p>\n<h1><strong>Yatay Ya\u015fam Hatt\u0131 Nedir?\u00a0<\/strong><\/h1>\n<hr \/>\n<p>Y\u00fcksekte \u00e7al\u0131\u015facak personelin d\u00fc\u015fme ihtimalinin bulundu\u011fu t\u00fcm alanlarda \u00c7elik Halatl\u0131, \u00d6rme tekstil halatl\u0131\u00a0 veya rayl\u0131 olarak ilgili yere uygun \u015fekilde dizayn edilmi\u015f olan ve hatta ba\u011fl\u0131 \u015fekilde \u00e7al\u0131\u015fan personelin olas\u0131 bir d\u00fc\u015fme s\u0131ras\u0131nda, zarar g\u00f6rmeden kurtulmas\u0131n\u0131 sa\u011flayan sisteme \u201c<strong>yatay ya\u015fam hatt\u0131<\/strong>\u201d denir.<\/p>\n<p><strong>Yatay ya\u015fam hatlar\u0131<\/strong>, her t\u00fcrl\u00fc durumda y\u00fcksekte \u00e7al\u0131\u015fan personelin g\u00fcvenli\u011fini kesintisiz olarak sa\u011flama ama\u00e7l\u0131 tasarlanm\u0131\u015ft\u0131r.\u00a0 Gerekli sa\u011flaml\u0131kta \u00fcretilmi\u015f Ankrajlar ile \u00e7at\u0131ya, Vin\u00e7 yollar\u0131na, Y\u00fcr\u00fcme yollar\u0131na, Makine \u00fcstlerine, Ara\u00e7 \u00fcst\u00fc Karkaslara sabitlenen yatay ya\u015fam hatt\u0131; \u00fczerindeki \u015fok emicilerle, herhangi bir d\u00fc\u015fme s\u0131ras\u0131nda ki\u015fi \u00fczerinde olu\u015fan ani darbe \u015eOK etkisini s\u00f6n\u00fcmleyerek olas\u0131 bir yaralanmay\u0131 \u00f6nler.<\/p>\n<h1><strong>Yatay ya\u015fam hatt\u0131na ihtiya\u00e7 duyulabilecek uygulamalar:\u00a0<\/strong><\/h1>\n<hr \/>\n<ul class=\"static_style soter-list\">\n<li>\u00c7at\u0131 Oluk temizleme ve bak\u0131m i\u015fleri,<\/li>\n<li>Bina Havaland\u0131rma sistemlerine eri\u015fim,<\/li>\n<li>\u00c7at\u0131 \u0131\u015f\u0131kl\u0131k \u00fcst\u00fc temizlik i\u015fleri,<\/li>\n<li>Fabrikalarda makinalar\u0131n bak\u0131m i\u015fleri,<\/li>\n<li>\u00c7at\u0131 \u00fcst\u00fc Solar ve fotovoltaik panel bak\u0131mlar\u0131 ve temizli\u011fi i\u015fleri,<\/li>\n<li>Ye\u015fil \u00e7at\u0131 bak\u0131m i\u015fleri,<\/li>\n<li>Ara\u00e7 \u00dcst\u00fc branda \u00e7ekme ve \u0130stifleme \u0130\u015fleri,<\/li>\n<li>Fabrika i\u00e7i gezer vin\u00e7 \u00fcst\u00fc ve Vin\u00e7 y\u00fcr\u00fcme yollar\u0131ndaki bak\u0131m i\u015fleri<\/li>\n<\/ul>\n<p><img loading=\"lazy\" decoding=\"async\" class=\"alignnone wp-image-13971\" src=\"https:\/\/www.4sonsafety.com\/wp-content\/uploads\/2020\/12\/horizontal-lifeline-tile-300x300.jpg\" alt=\"\" width=\"362\" height=\"362\" \/>\u00a0 \u00a0\u00a0<img loading=\"lazy\" decoding=\"async\" class=\"alignnone wp-image-13979\" src=\"https:\/\/www.4sonsafety.com\/wp-content\/uploads\/2020\/12\/FrogLine-horizontal-lifeline2-1-600x600-1-300x300.jpg\" alt=\"\" width=\"362\" height=\"362\" \/>[\/vc_toggle]<\/div>[\/vc_column][\/vc_row]<\/p>\n","protected":false},"excerpt":{"rendered":"<p>[vc_row][vc_column][\/vc_column][\/vc_row]<\/p>\n","protected":false},"author":1,"featured_media":0,"parent":0,"menu_order":12,"comment_status":"closed","ping_status":"closed","template":"","meta":{"footnotes":""},"_links":{"self":[{"href":"https:\/\/www.4sonsafety.com\/index.php?rest_route=\/wp\/v2\/pages\/203"}],"collection":[{"href":"https:\/\/www.4sonsafety.com\/index.php?rest_route=\/wp\/v2\/pages"}],"about":[{"href":"https:\/\/www.4sonsafety.com\/index.php?rest_route=\/wp\/v2\/types\/page"}],"author":[{"embeddable":true,"href":"https:\/\/www.4sonsafety.com\/index.php?rest_route=\/wp\/v2\/users\/1"}],"replies":[{"embeddable":true,"href":"https:\/\/www.4sonsafety.com\/index.php?rest_route=%2Fwp%2Fv2%2Fcomments&post=203"}],"version-history":[{"count":1,"href":"https:\/\/www.4sonsafety.com\/index.php?rest_route=\/wp\/v2\/pages\/203\/revisions"}],"predecessor-version":[{"id":14211,"href":"https:\/\/www.4sonsafety.com\/index.php?rest_route=\/wp\/v2\/pages\/203\/revisions\/14211"}],"wp:attachment":[{"href":"https:\/\/www.4sonsafety.com\/index.php?rest_route=%2Fwp%2Fv2%2Fmedia&parent=203"}],"curies":[{"name":"wp","href":"https:\/\/api.w.org\/{rel}","templated":true}]}}