{"id":55,"date":"2016-06-13T15:48:45","date_gmt":"2016-06-13T15:48:45","guid":{"rendered":"http:\/\/sw-themes.com\/porto_dummy\/?page_id=55"},"modified":"2020-12-09T17:28:52","modified_gmt":"2020-12-09T14:28:52","slug":"kurumsal","status":"publish","type":"page","link":"https:\/\/www.4sonsafety.com\/?page_id=55","title":{"rendered":"Kurumsal"},"content":{"rendered":"<p>[vc_row wrap_container=&#8221;yes&#8221; css=&#8221;.vc_custom_1519804692056{padding-top: 30px !important;padding-bottom: 30px !important;}&#8221;][vc_column][vc_column_text el_class=&#8221;lead mb-xl buyukfont&#8221;]4 Son Safety, T\u00fcrkiye&#8217;de ve D\u00fcnya&#8217;da \u0130\u015f G\u00fcvenli\u011fi Sekt\u00f6r\u00fcne, <strong>Yeni Bir Nefes <\/strong>mottosuyla;<\/p>\n<p>Sekt\u00f6rde ihtiya\u00e7 duyulan tecr\u00fcbe ve standartlara uygunluk konular\u0131nda ya\u015fanan eksikli\u011fi giderebilmek i\u00e7in, tecr\u00fcbeli kadrosu ile hem AR-GE \u00fcr\u00fcn\u00fc kendi yerli \u00fcr\u00fcnlerini \u00fcretmek, hem de D\u00fcnya Markalar\u0131n\u0131n partneri olarak son teknoloji \u00fcr\u00fcnlerini i\u015f ortaklar\u0131na sunmak \u00fczere 2020 y\u0131l\u0131 May\u0131s ay\u0131nda yola \u00e7\u0131km\u0131\u015ft\u0131r.<\/p>\n<p>4Son Safety \u00f6zellikle End\u00fcstriyel Y\u00fcksekte \u00c7al\u0131\u015fma Ki\u015fisel Koruyucu Donan\u0131mlar, \u0130ple Eri\u015fim \u00dcr\u00fcnleri, Yatay ve Dikey Ya\u015fam Hatlar\u0131, Y\u00fcksekten Kazazede Kurtarma Ekipmanlar\u0131, End\u00fcstriyel Solunum Koruma, Ba\u015f\/Y\u00fcz\/G\u00f6z Koruma, \u0130\u015fitme Koruma, Kaynaktan Korunma gibi neredeyse t\u00fcm Ki\u015fisel Koruyucu \u00dcr\u00fcn gruplar\u0131 konusunda Distrib\u00fct\u00f6r\u00fc ve\/veya partneri oldu\u011fu Yerli ve Yabanc\u0131 Lider Markalarla \u00e7\u00f6z\u00fcmler sunmaktad\u0131r.[\/vc_column_text][\/vc_column][\/vc_row][vc_row content_placement=&#8221;middle&#8221; wrap_container=&#8221;yes&#8221; is_section=&#8221;yes&#8221; css=&#8221;.vc_custom_1571732381246{padding-top: 30px !important;padding-bottom: 30px !important;}&#8221;][vc_column width=&#8221;2\/5&#8243;]<div class=\"porto-image-frame \"><img decoding=\"async\" alt=\"\" src=\"\/\/www.4sonsafety.com\/wp-content\/uploads\/2019\/10\/vizyonumuz-numeko-1.png\" class=\"img-responsive img-rounded\" width=\"t\" height=\"t\"><\/div>[\/vc_column][vc_column width=&#8221;3\/5&#8243;]<div class=\"porto-u-heading\" data-hspacer=\"no_spacer\" data-halign=\"left\" style=\"text-align:left\"><div class=\"porto-u-main-heading\"><h2 style=\"font-weight:bold;color:#626c6e;margin-bottom: 30px;font-size:30px;line-height:34px;\">Vizyonumuz<\/h2><\/div><\/div>[vc_column_text el_class=&#8221;lead mb-xl buyukfont&#8221;]\u0130\u015f g\u00fcvenli\u011fi ve sa\u011fl\u0131\u011f\u0131 sekt\u00f6r\u00fcnde \u00e7e\u015fitlendirilmi\u015f \u00fcr\u00fcn yelpazesinde ve hizmetlerinde, b\u00f6lgede \u00f6nde gelen b\u00f6lgesel sa\u011flay\u0131c\u0131s\u0131 olmak.<\/p>\n<p>\u0130\u015f sa\u011fl\u0131\u011f\u0131 ve g\u00fcvenli\u011fi k\u00fclt\u00fcr\u00fcn\u00fcn yarat\u0131lmas\u0131na katk\u0131da bulunmak ve uygun \u00e7al\u0131\u015fma ortamlar\u0131n\u0131n sa\u011flanmas\u0131na destek olmak.[\/vc_column_text][\/vc_column][\/vc_row][vc_row content_placement=&#8221;middle&#8221; wrap_container=&#8221;yes&#8221; is_section=&#8221;yes&#8221; section_skin=&#8221;parallax&#8221; css=&#8221;.vc_custom_1571733533009{padding-top: 30px !important;padding-bottom: 30px !important;}&#8221;][vc_column width=&#8221;2\/5&#8243;]<div class=\"porto-image-frame \"><img decoding=\"async\" alt=\"\" src=\"\/\/www.4sonsafety.com\/wp-content\/uploads\/2019\/10\/misyonumuz-numeko-1.png\" class=\"img-responsive img-rounded\" width=\"t\" height=\"t\"><\/div>[\/vc_column][vc_column width=&#8221;3\/5&#8243;]<div class=\"porto-u-heading\" data-hspacer=\"no_spacer\" data-halign=\"left\" style=\"text-align:left\"><div class=\"porto-u-main-heading\"><h2 style=\"font-weight:bold;color:#626c6e;margin-bottom: 30px;font-size:30px;line-height:34px;\">Misyonumuz<\/h2><\/div><\/div>[vc_column_text el_class=&#8221;lead mb-xl buyukfont&#8221;]Uzun vadeli bir taahh\u00fct ile organik geli\u015fme ve stratejik ortakl\u0131klar yoluyla, vizyonumuzu ger\u00e7ekle\u015ftirmek olacakt\u0131r:<\/p>\n<ul class=\"list list-ordened\">\n<li>G\u00fc\u00e7l\u00fc teknik uzmanl\u0131k<\/li>\n<li>\u00dcst\u00fcn kaliteli \u00fcr\u00fcnler ve hizmetler<\/li>\n<li>\u00d6d\u00fcllendirici ve profesyonel bir \u00e7al\u0131\u015fma ortam\u0131<\/li>\n<\/ul>\n<p>[\/vc_column_text][\/vc_column][\/vc_row][vc_row content_placement=&#8221;middle&#8221; wrap_container=&#8221;yes&#8221; is_section=&#8221;yes&#8221; css=&#8221;.vc_custom_1571732381246{padding-top: 30px !important;padding-bottom: 30px !important;}&#8221;][vc_column width=&#8221;2\/5&#8243;]<div class=\"porto-image-frame \"><img decoding=\"async\" alt=\"\" src=\"\/\/www.4sonsafety.com\/wp-content\/uploads\/2019\/10\/kisisel-veriler-numeko.png\" class=\"img-responsive img-rounded\" width=\"t\" height=\"t\"><\/div>[\/vc_column][vc_column width=&#8221;3\/5&#8243;]<div class=\"porto-u-heading\" data-hspacer=\"no_spacer\" data-halign=\"left\" style=\"text-align:left\"><div class=\"porto-u-main-heading\"><h2 style=\"font-weight:bold;color:#626c6e;margin-bottom: 30px;font-size:30px;line-height:34px;\">Ki\u015fisel Verilerin Korumas\u0131<\/h2><\/div><\/div>[vc_column_text el_class=&#8221;lead mb-xl buyukfont&#8221;]&#8221;Ayd\u0131nlatma Y\u00fck\u00fcml\u00fcl\u00fc\u011f\u00fc&#8221; ba\u015fl\u0131\u011f\u0131nda Ki\u015fisel Verilerin Korunmas\u0131 Kanunu hakk\u0131nda bilgilendirme yaz\u0131m\u0131z\u0131 okumak i\u00e7in <a href=\"http:\/\/www.4sonsafety.com\/?page_id=1825\">t\u0131klay\u0131n<\/a>.[\/vc_column_text][\/vc_column][\/vc_row][vc_row content_placement=&#8221;top&#8221; wrap_container=&#8221;yes&#8221; css=&#8221;.vc_custom_1571734095969{padding-top: 30px !important;padding-bottom: 30px !important;}&#8221;][vc_column width=&#8221;1\/2&#8243;]<div class=\"porto-u-heading\" data-hspacer=\"no_spacer\" data-halign=\"left\" style=\"text-align:left\"><div class=\"porto-u-main-heading\"><h2 style=\"font-weight:bold;color:#626c6e;margin-bottom: 30px;font-size:30px;line-height:34px;\">Sertifikalar\u0131m\u0131z<\/h2><\/div><\/div><div class=\"porto-carousel owl-carousel has-ccols ccols-xl-2 ccols-lg-2 ccols-md-2 ccols-sm-2 ccols-1 \" data-plugin-options=\"{&quot;stagePadding&quot;:0,&quot;margin&quot;:10,&quot;autoplay&quot;:false,&quot;autoplayTimeout&quot;:5000,&quot;autoplayHoverPause&quot;:false,&quot;items&quot;:2,&quot;lg&quot;:2,&quot;md&quot;:2,&quot;sm&quot;:2,&quot;xs&quot;:1,&quot;nav&quot;:false,&quot;dots&quot;:false,&quot;animateIn&quot;:&quot;&quot;,&quot;animateOut&quot;:&quot;&quot;,&quot;loop&quot;:false,&quot;center&quot;:false,&quot;video&quot;:false,&quot;lazyLoad&quot;:false,&quot;fullscreen&quot;:false}\">[vc_single_image image=&#8221;13789&#8243; img_size=&#8221;full&#8221; alignment=&#8221;center&#8221; style=&#8221;vc_box_rounded&#8221; onclick=&#8221;link_image&#8221;][vc_single_image image=&#8221;13791&#8243; img_size=&#8221;full&#8221; alignment=&#8221;center&#8221; style=&#8221;vc_box_rounded&#8221; onclick=&#8221;link_image&#8221;]<\/div>[\/vc_column][vc_column width=&#8221;1\/2&#8243;]<div class=\"porto-u-heading\" data-hspacer=\"no_spacer\" data-halign=\"left\" style=\"text-align:left\"><div class=\"porto-u-main-heading\"><h2 style=\"font-weight:bold;color:#626c6e;margin-bottom: 30px;font-size:30px;line-height:34px;\">Kalite Politikam\u0131z<\/h2><\/div><\/div>[vc_column_text el_class=&#8221;lead mb-xl buyukfont&#8221;]<b>4 Son Safety<\/b> vizyonu do\u011frultusunda, geli\u015fen ve g\u00fcncel teknolojileri kullanarak, beklentilerini a\u015farak kar\u015f\u0131layan, kolay sat\u0131n al\u0131nabilir ve kullan\u0131labilir, g\u00fcvenilir \u00fcr\u00fcnleri geli\u015ftirir ve sat\u0131\u015f sonras\u0131 hizmet veririz.<\/p>\n<ul class=\"list list-icons list-primary list-borders\">\n<li><i class=\"fa fa-check\"><\/i> Toplam Kalite felsefesini esas alarak, tak\u0131m ruhu i\u00e7erisinde \u015firket ve birim hedeflerine ula\u015f\u0131lmas\u0131,<\/li>\n<li><i class=\"fa fa-check\"><\/i> \u0130\u015f s\u00fcre\u00e7lerimizin \u00f6z de\u011ferlendirme s\u00fcreci ile g\u00f6zden ge\u00e7irilerek, performans\u0131m\u0131z\u0131 geli\u015ftirecek d\u00fczeltici ve \u00f6nleyici yakla\u015f\u0131mlar\u0131n belirlenmesi, iyile\u015ftirme ve geli\u015ftirmelerin s\u00fcrekli k\u0131l\u0131nmas\u0131,<\/li>\n<li><i class=\"fa fa-check\"><\/i> S\u00fcrekli iyile\u015ftirme yakla\u015f\u0131m\u0131 do\u011frultusunda t\u00fcm s\u00fcre\u00e7lerimizdeki verimlili\u011fin uluslararas\u0131 d\u00fczeyde rekabet edebilecek seviyeye y\u00fckseltilmesi,<\/li>\n<li><i class=\"fa fa-check\"><\/i> Yenilik\u00e7i ve yarat\u0131c\u0131 yakla\u015f\u0131mlar\u0131n cesaretlendirilmesi, teknik ve davran\u0131\u015fsal yetkinlikleri art\u0131racak e\u011fitimlerin ger\u00e7ekle\u015ftirilmesi y\u00f6n\u00fcnde faaliyetlerimizi \u00c7evre, \u0130\u015f Sa\u011fl\u0131\u011f\u0131 ve G\u00fcvenli\u011fi Y\u00f6netim Sistemleri ile birlikte b\u00fct\u00fcnle\u015fik bir \u015fekilde y\u00f6neterek, i\u015f g\u00fcvenli\u011fi sekt\u00f6r\u00fcnde kalite a\u00e7\u0131s\u0131ndan \u00f6nc\u00fcl\u00fc\u011f\u00fcm\u00fczle \u00f6rnek bir kurulu\u015f olmak i\u00e7in t\u00fcm g\u00fcc\u00fcm\u00fczle \u00e7al\u0131\u015f\u0131r\u0131z.<\/li>\n<\/ul>\n<p>[\/vc_column_text][\/vc_column][\/vc_row]<\/p>\n","protected":false},"excerpt":{"rendered":"<p>[vc_row wrap_container=&#8221;yes&#8221; css=&#8221;.vc_custom_1519804692056{padding-top: 30px !important;padding-bottom: 30px !important;}&#8221;][vc_column][vc_column_text el_class=&#8221;lead mb-xl buyukfont&#8221;]4 Son Safety, T\u00fcrkiye&#8217;de ve D\u00fcnya&#8217;da \u0130\u015f G\u00fcvenli\u011fi Sekt\u00f6r\u00fcne, Yeni Bir Nefes mottosuyla; Sekt\u00f6rde ihtiya\u00e7 duyulan tecr\u00fcbe ve standartlara uygunluk konular\u0131nda ya\u015fanan eksikli\u011fi giderebilmek i\u00e7in, tecr\u00fcbeli kadrosu ile hem AR-GE \u00fcr\u00fcn\u00fc kendi yerli \u00fcr\u00fcnlerini \u00fcretmek, hem de D\u00fcnya Markalar\u0131n\u0131n partneri olarak son teknoloji \u00fcr\u00fcnlerini i\u015f ortaklar\u0131na [&hellip;]<\/p>\n","protected":false},"author":1,"featured_media":0,"parent":0,"menu_order":19,"comment_status":"closed","ping_status":"closed","template":"","meta":{"footnotes":""},"_links":{"self":[{"href":"https:\/\/www.4sonsafety.com\/index.php?rest_route=\/wp\/v2\/pages\/55"}],"collection":[{"href":"https:\/\/www.4sonsafety.com\/index.php?rest_route=\/wp\/v2\/pages"}],"about":[{"href":"https:\/\/www.4sonsafety.com\/index.php?rest_route=\/wp\/v2\/types\/page"}],"author":[{"embeddable":true,"href":"https:\/\/www.4sonsafety.com\/index.php?rest_route=\/wp\/v2\/users\/1"}],"replies":[{"embeddable":true,"href":"https:\/\/www.4sonsafety.com\/index.php?rest_route=%2Fwp%2Fv2%2Fcomments&post=55"}],"version-history":[{"count":1,"href":"https:\/\/www.4sonsafety.com\/index.php?rest_route=\/wp\/v2\/pages\/55\/revisions"}],"predecessor-version":[{"id":13879,"href":"https:\/\/www.4sonsafety.com\/index.php?rest_route=\/wp\/v2\/pages\/55\/revisions\/13879"}],"wp:attachment":[{"href":"https:\/\/www.4sonsafety.com\/index.php?rest_route=%2Fwp%2Fv2%2Fmedia&parent=55"}],"curies":[{"name":"wp","href":"https:\/\/api.w.org\/{rel}","templated":true}]}}